{"id":11878,"date":"2016-02-11T10:10:56","date_gmt":"2016-02-11T09:10:56","guid":{"rendered":"http:\/\/www.la-morada.es\/nueva\/?page_id=11878"},"modified":"2020-06-25T16:16:38","modified_gmt":"2020-06-25T14:16:38","slug":"espaces-equipement-audiovisuel-madrid","status":"publish","type":"page","link":"https:\/\/www.la-morada.es\/fr\/espaces-equipement-audiovisuel-madrid\/","title":{"rendered":"Espaces"},"content":{"rendered":"<p><div class=\"fusion-fullwidth fullwidth-box fusion-builder-row-1 nonhundred-percent-fullwidth non-hundred-percent-height-scrolling fusion-equal-height-columns\" style=\"background-color: #ffffff;background-position: left top;background-repeat: no-repeat;padding-top:50px;padding-right:0px;padding-bottom:0px;padding-left:0px;margin-bottom: 0px;margin-top: 0px;border-width: 0px 0px 0px 0px;border-color:#eae9e9;border-style:solid;\" ><div class=\"fusion-builder-row fusion-row\"><div class=\"fusion-layout-column fusion_builder_column fusion-builder-column-0 fusion_builder_column_1_1 1_1 fusion-one-full fusion-column-first fusion-column-last fusion-column-no-min-height\" style=\"margin-top:0px;margin-bottom:0px;\"><div class=\"fusion-column-wrapper fusion-flex-column-wrapper-legacy\" style=\"background-position:left top;background-repeat:no-repeat;-webkit-background-size:cover;-moz-background-size:cover;-o-background-size:cover;background-size:cover;padding: 0px 0px 0px 0px;\"><div class=\"fusion-text fusion-text-1\"><h2 style=\"font-family: inherit; font-size: 40px; font-weight: 900; letter-spacing: -0.05em; line-height: 52px; text-transform: uppercase; text-align: center;\">ESPACES ET \u00c9QUIPEMENT AUDIOVISUEL<\/h2>\n<\/div><div class=\"fusion-sep-clear\"><\/div><div class=\"fusion-separator\" style=\"margin-left: auto;margin-right: auto;margin-top:0px;margin-bottom:25px;width:100%;max-width:100px;\"><div class=\"fusion-separator-border sep-single sep-solid\" style=\"border-color:#afafaf;border-top-width:2px;\"><\/div><\/div><div class=\"fusion-sep-clear\"><\/div><div class=\"fusion-text fusion-text-2\"><h4 style=\"font-family: inherit; font-size: 22px; font-weight: 600; letter-spacing: 0.05em; line-height: 28px; text-transform: none; text-align: center;\">La Morada dispose de <strong>4 espaces<\/strong> flexibles et polyvalents \u00e9quip\u00e9s avec la derni\u00e8re technologie<\/h4>\n<\/div><div class=\"fusion-clearfix\"><\/div><\/div><\/div><\/div><\/div><div class=\"fusion-fullwidth fullwidth-box fusion-builder-row-2 nonhundred-percent-fullwidth non-hundred-percent-height-scrolling fusion-equal-height-columns\" style=\"background-color: rgba(255,255,255,0);background-position: left top;background-repeat: no-repeat;padding-top:50px;padding-right:0px;padding-bottom:50px;padding-left:0px;margin-bottom: 0px;margin-top: 0px;border-width: 0px 0px 0px 0px;border-color:#eae9e9;border-style:solid;\" ><div class=\"fusion-builder-row fusion-row\"><div class=\"fusion-layout-column fusion_builder_column fusion-builder-column-1 fusion_builder_column_1_1 1_1 fusion-one-full fusion-column-first fusion-column-last fusion-column-no-min-height\" style=\"margin-top:0px;margin-bottom:0px;\"><div class=\"fusion-column-wrapper fusion-flex-column-wrapper-legacy\" style=\"background-position:left top;background-repeat:no-repeat;-webkit-background-size:cover;-moz-background-size:cover;-o-background-size:cover;background-size:cover;padding: 0px 0px 0px 0px;\"><div class=\"fusion-text fusion-text-3\"><h3 style=\"font-family: inherit; font-size: 40px; font-weight: 500; line-height: 48px; text-transform: uppercase; text-align: center; margin: 0 0 20px 0;\">Les Espaces<\/h3>\n<\/div><div class=\"fusion-text fusion-text-4\"><h6 style=\"font-family: inherit; font-size: 16px; font-weight: 400; line-height: 20px; text-transform: none; text-align: center; margin: 0 0 25px 0;\">Nous voulons faire de les espaces de <strong>La Morada<\/strong> votre maison, que vous personnalisez chaque endroit pour c\u00e9l\u00e9brer toutes sortes d&#8217;\u00e9v\u00e9nements: des conf\u00e9rences, des pr\u00e9sentations, des r\u00e9unions, des projections des vid\u00e9os d&#8217;entreprise, des pr\u00e9sentations de produits\u2026<\/h6>\n<\/div><div class=\"fusion-text fusion-text-5\"><h6 style=\"font-family: inherit; font-size: 16px; font-weight: 400; line-height: 20px; text-transform: none; text-align: center; margin: 0 0 25px 0;\">La Morada est un espace technologique et dispose de 2 salles techniques de post-production de audio et vid\u00e9o.<\/h6>\n<\/div><div class=\"fusion-clearfix\"><\/div><\/div><\/div><div class=\"fusion-layout-column fusion_builder_column fusion-builder-column-2 fusion_builder_column_1_4 1_4 fusion-one-fourth fusion-column-first\" style=\"width:22%; margin-right: 4%;margin-top:0px;margin-bottom:20px;\"><div class=\"fusion-column-wrapper fusion-flex-column-wrapper-legacy\" style=\"background-position:left top;background-repeat:no-repeat;-webkit-background-size:cover;-moz-background-size:cover;-o-background-size:cover;background-size:cover;padding: 0px 0px 0px 0px;\"><span class=\" fusion-imageframe imageframe-none imageframe-1 hover-type-none\"><a class=\"fusion-no-lightbox\" href=\"http:\/\/www.la-morada.es\/fr\/espaces-equipement-audiovisuel-madrid\/salle-reina-mora\/\" target=\"_self\"><img alt=\"Salle Reina Mora - La Morada Madrid\" src=\"http:\/\/www.la-morada.es\/fr\/wp-content\/uploads\/2014\/11\/sala-reina-mora-1.png\" class=\"img-responsive\"\/><\/a><\/span><div class=\"fusion-text fusion-text-6\"><h4 class=\"sala\" style=\"padding: 0px; margin: 15px 0 10px 0px; text-align: center; font-family: inherit; font-size: 22px; font-weight: 600; line-height: 22px; text-transform: none;\">Salle Reina Mora<\/h4>\n<h6 class=\"subsala\" style=\"margin: 0px; padding: 0px; font-family: inherit; font-size: 16px; font-weight: 600; line-height: 20px; text-transform: uppercase; text-align: center;\">SALLE DE PROJECTION &#038; CINEMA ATOMOS 7.1.4<\/h6>\n<\/div><div class=\"fusion-clearfix\"><\/div><\/div><\/div><div class=\"fusion-layout-column fusion_builder_column fusion-builder-column-3 fusion_builder_column_1_4 1_4 fusion-one-fourth\" style=\"width:22%; margin-right: 4%;margin-top:0px;margin-bottom:20px;\"><div class=\"fusion-column-wrapper fusion-flex-column-wrapper-legacy\" style=\"background-position:left top;background-repeat:no-repeat;-webkit-background-size:cover;-moz-background-size:cover;-o-background-size:cover;background-size:cover;padding: 0px 0px 0px 0px;\"><span class=\" fusion-imageframe imageframe-none imageframe-2 hover-type-none\"><a class=\"fusion-no-lightbox\" href=\"http:\/\/www.la-morada.es\/fr\/espaces-equipement-audiovisuel-madrid\/espace-croma\/\" target=\"_self\"><img alt=\"Espace Croma - La Morada Madrid\" src=\"http:\/\/www.la-morada.es\/fr\/wp-content\/uploads\/2016\/02\/sala-espacio-croma-2.png\" class=\"img-responsive\"\/><\/a><\/span><div class=\"fusion-text fusion-text-7\"><h4 class=\"sala\" style=\"padding: 0px; margin: 15px 0 10px 0px; text-align: center; font-family: inherit; font-size: 22px; font-weight: 600; line-height: 22px; text-transform: none;\">Espace Croma<\/h4>\n<h6 class=\"subsala\" style=\"margin: 0px; padding: 0px; font-family: inherit; font-size: 16px; font-weight: 600; line-height: 20px; text-transform: uppercase; text-align: center;\">ESPACE DE PR\u00c9SENTATION ET COCKTAIL \/ STUDIO FOND VERT<\/h6>\n<\/div><div class=\"fusion-clearfix\"><\/div><\/div><\/div><div class=\"fusion-layout-column fusion_builder_column fusion-builder-column-4 fusion_builder_column_1_4 1_4 fusion-one-fourth\" style=\"width:22%; margin-right: 4%;margin-top:0px;margin-bottom:20px;\"><div class=\"fusion-column-wrapper fusion-flex-column-wrapper-legacy\" style=\"background-position:left top;background-repeat:no-repeat;-webkit-background-size:cover;-moz-background-size:cover;-o-background-size:cover;background-size:cover;padding: 0px 0px 0px 0px;\"><span class=\" fusion-imageframe imageframe-none imageframe-3 hover-type-none\"><a class=\"fusion-no-lightbox\" href=\"http:\/\/www.la-morada.es\/fr\/espaces-equipement-audiovisuel-madrid\/salle-morada\/\" target=\"_self\"><img alt=\"Studio Morada - La Morada Madrid\" src=\"http:\/\/www.la-morada.es\/fr\/wp-content\/uploads\/2014\/11\/sala-morada-1.png\" class=\"img-responsive\"\/><\/a><\/span><div class=\"fusion-text fusion-text-8\"><h4 class=\"sala\" style=\"padding: 0px; margin: 15px 0 10px 0px; text-align: center; font-family: inherit; font-size: 22px; font-weight: 600; line-height: 22px; text-transform: none;\">Studio Morada<\/h4>\n<h6 class=\"subsala\" style=\"margin: 0px; padding: 0px; font-family: inherit; font-size: 16px; font-weight: 600; line-height: 20px; text-transform: uppercase; text-align: center;\">STUDIO DE MIXAGE, SALLE DE MONTAGE VID\u00c9O ET SALLE DE CONTROL<\/h6>\n<\/div><div class=\"fusion-clearfix\"><\/div><\/div><\/div><div class=\"fusion-layout-column fusion_builder_column fusion-builder-column-5 fusion_builder_column_1_4 1_4 fusion-one-fourth fusion-column-last\" style=\"width:22%;margin-top:0px;margin-bottom:20px;\"><div class=\"fusion-column-wrapper fusion-flex-column-wrapper-legacy\" style=\"background-position:left top;background-repeat:no-repeat;-webkit-background-size:cover;-moz-background-size:cover;-o-background-size:cover;background-size:cover;padding: 0px 0px 0px 0px;\"><span class=\" fusion-imageframe imageframe-none imageframe-4 hover-type-none\"><a class=\"fusion-no-lightbox\" href=\"https:\/\/www.la-morada.es\/fr\/espace-bleu\/\" target=\"_self\" aria-label=\"sala-espacio-azul\"><img width=\"315\" height=\"315\" src=\"https:\/\/www.la-morada.es\/fr\/wp-content\/uploads\/2020\/06\/sala-espacio-azul.png\" alt class=\"img-responsive wp-image-13246\" srcset=\"https:\/\/www.la-morada.es\/fr\/wp-content\/uploads\/2020\/06\/sala-espacio-azul-200x200.png 200w, https:\/\/www.la-morada.es\/fr\/wp-content\/uploads\/2020\/06\/sala-espacio-azul.png 315w\" sizes=\"(max-width: 800px) 100vw, 315px\" \/><\/a><\/span><div class=\"fusion-text fusion-text-9\"><h4 class=\"sala\" style=\"padding: 0px; margin: 15px 0 10px 0px; text-align: center; font-family: inherit; font-size: 22px; font-weight: 600; line-height: 22px; text-transform: none;\">Space Bleu<\/h4>\n<h6 class=\"subsala\" style=\"margin: 0px; padding: 0px; font-family: inherit; font-size: 16px; font-weight: 600; line-height: 20px; text-transform: uppercase; text-align: center;\">ESPACE DE R\u00c9UNION ET SALLE DE MONTAGE<\/h6>\n<\/div><div class=\"fusion-clearfix\"><\/div><\/div><\/div><\/div><\/div><div class=\"fusion-fullwidth fullwidth-box fusion-builder-row-3 nonhundred-percent-fullwidth non-hundred-percent-height-scrolling fusion-equal-height-columns\" style=\"background-color: rgba(255,255,255,0);background-position: left top;background-repeat: no-repeat;padding-top:50px;padding-right:0px;padding-bottom:70px;padding-left:0px;margin-bottom: 0px;margin-top: 0px;border-width: 0px 0px 0px 0px;border-color:#eae9e9;border-style:solid;\" ><div class=\"fusion-builder-row fusion-row\"><div class=\"fusion-layout-column fusion_builder_column fusion-builder-column-6 fusion_builder_column_1_1 1_1 fusion-one-full fusion-column-first fusion-column-last fusion-column-no-min-height\" style=\"margin-top:0px;margin-bottom:0px;\"><div class=\"fusion-column-wrapper fusion-flex-column-wrapper-legacy\" style=\"background-position:left top;background-repeat:no-repeat;-webkit-background-size:cover;-moz-background-size:cover;-o-background-size:cover;background-size:cover;padding: 0px 0px 0px 0px;\"><div class=\"fusion-text fusion-text-10\"><h3 style=\"font-family: inherit; font-size: 40px; font-weight: 500; line-height: 48px; text-transform: uppercase; text-align: center; margin: 0 0 20px 0;\">Audiovisuel Equipment<\/h3>\n<\/div><div class=\"fusion-text fusion-text-11\"><h6 style=\"font-family: inherit; font-size: 16px; font-weight: 400; line-height: 20px; text-transform: none; text-align: center; margin: 0 0 25px 0;\"><strong>La Morada<\/strong> poss\u00e8de tout le n\u00e9cessaire pour filmer, \u00e9diter et post-produire vos \u0153uvres audiovisuelles. Si n\u00e9cessaire, nous mettons \u00e0 votre disposition notre \u00e9quipe technique pour l&#8217;enregistrement, le montage vid\u00e9o, le doublage ou le mixage audio.<\/h6>\n<\/div><div class=\"fusion-clearfix\"><\/div><\/div><\/div><div class=\"fusion-layout-column fusion_builder_column fusion-builder-column-7 fusion_builder_column_1_3 1_3 fusion-one-third fusion-column-first\" style=\"width:30.6666%; margin-right: 4%;margin-top:0px;margin-bottom:20px;\"><div class=\"fusion-column-wrapper fusion-flex-column-wrapper-legacy\" style=\"background-position:left top;background-repeat:no-repeat;-webkit-background-size:cover;-moz-background-size:cover;-o-background-size:cover;background-size:cover;padding: 0px 0px 0px 0px;\"><span class=\" fusion-imageframe imageframe-none imageframe-5 hover-type-none\"><a class=\"fusion-no-lightbox\" href=\"http:\/\/www.la-morada.es\/fr\/espaces-equipement-audiovisuel-madrid\/canon-eos-c300\/\" target=\"_self\"><img alt=\"Canon EOS C300 - La Morada Madrid\" src=\"http:\/\/www.la-morada.es\/fr\/wp-content\/uploads\/2016\/02\/canon-eos-1.png\" class=\"img-responsive\"\/><\/a><\/span><div class=\"fusion-text fusion-text-12\"><h4 class=\"sala\" style=\"padding: 0px; margin: 15px 0 10px 0px; text-align: center; font-family: inherit; font-size: 22px; font-weight: 600; line-height: 22px; text-transform: none;\">Canon EOS C300<\/h4>\n<\/div><div class=\"fusion-clearfix\"><\/div><\/div><\/div><div class=\"fusion-layout-column fusion_builder_column fusion-builder-column-8 fusion_builder_column_1_3 1_3 fusion-one-third\" style=\"width:30.6666%; margin-right: 4%;margin-top:0px;margin-bottom:20px;\"><div class=\"fusion-column-wrapper fusion-flex-column-wrapper-legacy\" style=\"background-position:left top;background-repeat:no-repeat;-webkit-background-size:cover;-moz-background-size:cover;-o-background-size:cover;background-size:cover;padding: 0px 0px 0px 0px;\"><span class=\" fusion-imageframe imageframe-none imageframe-6 hover-type-none\"><a class=\"fusion-no-lightbox\" href=\"http:\/\/www.la-morada.es\/fr\/espaces-equipement-audiovisuel-madrid\/canon-5d-mark-iii\/\" target=\"_self\"><img alt=\"Canon 5d Mark III - La Morada Madrid\" src=\"http:\/\/www.la-morada.es\/fr\/wp-content\/uploads\/2016\/02\/canon-5d-1.png\" class=\"img-responsive\"\/><\/a><\/span><div class=\"fusion-text fusion-text-13\"><h4 class=\"sala\" style=\"padding: 0px; margin: 15px 0 10px 0px; text-align: center; font-family: inherit; font-size: 22px; font-weight: 600; line-height: 22px; text-transform: none;\">Canon 5d Mark III<\/h4>\n<\/div><div class=\"fusion-clearfix\"><\/div><\/div><\/div><div class=\"fusion-layout-column fusion_builder_column fusion-builder-column-9 fusion_builder_column_1_3 1_3 fusion-one-third fusion-column-last\" style=\"width:30.6666%;margin-top:0px;margin-bottom:20px;\"><div class=\"fusion-column-wrapper fusion-flex-column-wrapper-legacy\" style=\"background-position:left top;background-repeat:no-repeat;-webkit-background-size:cover;-moz-background-size:cover;-o-background-size:cover;background-size:cover;padding: 0px 0px 0px 0px;\"><span class=\" fusion-imageframe imageframe-none imageframe-7 hover-type-none\"><a class=\"fusion-no-lightbox\" href=\"http:\/\/www.la-morada.es\/fr\/espaces-equipement-audiovisuel-madrid\/lumiere-litepanel\/\" target=\"_self\"><img alt=\"Iluminaci\u00f3n Lite Panel - La Morada Madrid\" src=\"http:\/\/www.la-morada.es\/fr\/wp-content\/uploads\/2016\/02\/litepanel-1.png\" class=\"img-responsive\"\/><\/a><\/span><div class=\"fusion-text fusion-text-14\"><h4 class=\"sala\" style=\"padding: 0px; margin: 15px 0 10px 0px; text-align: center; font-family: inherit; font-size: 22px; font-weight: 600; line-height: 22px; text-transform: none;\">Lumi\u00e8re Litepanel<\/h4>\n<\/div><div class=\"fusion-clearfix\"><\/div><\/div><\/div><\/div><\/div><\/p>\n","protected":false},"excerpt":{"rendered":"","protected":false},"author":2,"featured_media":0,"parent":0,"menu_order":0,"comment_status":"closed","ping_status":"closed","template":"100-width.php","meta":[],"yoast_head":"<!-- This site is optimized with the Yoast SEO plugin v19.6.1 - https:\/\/yoast.com\/wordpress\/plugins\/seo\/ -->\n<title>Espaces - La Morada<\/title>\n<meta name=\"robots\" content=\"index, follow, max-snippet:-1, max-image-preview:large, max-video-preview:-1\" \/>\n<link rel=\"canonical\" href=\"https:\/\/www.la-morada.es\/fr\/espaces-equipement-audiovisuel-madrid\/\" \/>\n<meta property=\"og:locale\" content=\"fr_FR\" \/>\n<meta property=\"og:type\" content=\"article\" \/>\n<meta property=\"og:title\" content=\"Espaces - La Morada\" \/>\n<meta property=\"og:url\" content=\"https:\/\/www.la-morada.es\/fr\/espaces-equipement-audiovisuel-madrid\/\" \/>\n<meta property=\"og:site_name\" content=\"La Morada\" \/>\n<meta property=\"article:modified_time\" content=\"2020-06-25T14:16:38+00:00\" \/>\n<meta property=\"og:image\" content=\"http:\/\/www.la-morada.es\/fr\/wp-content\/uploads\/2014\/11\/sala-reina-mora-1.png\" \/>\n<meta name=\"twitter:card\" content=\"summary\" \/>\n<meta name=\"twitter:label1\" content=\"Dur\u00e9e de lecture estim\u00e9e\" \/>\n\t<meta name=\"twitter:data1\" content=\"8 minutes\" \/>\n<script type=\"application\/ld+json\" class=\"yoast-schema-graph\">{\"@context\":\"https:\/\/schema.org\",\"@graph\":[{\"@type\":\"WebPage\",\"@id\":\"https:\/\/www.la-morada.es\/fr\/espaces-equipement-audiovisuel-madrid\/\",\"url\":\"https:\/\/www.la-morada.es\/fr\/espaces-equipement-audiovisuel-madrid\/\",\"name\":\"Espaces - La Morada\",\"isPartOf\":{\"@id\":\"https:\/\/www.la-morada.es\/fr\/#website\"},\"datePublished\":\"2016-02-11T09:10:56+00:00\",\"dateModified\":\"2020-06-25T14:16:38+00:00\",\"breadcrumb\":{\"@id\":\"https:\/\/www.la-morada.es\/fr\/espaces-equipement-audiovisuel-madrid\/#breadcrumb\"},\"inLanguage\":\"fr-FR\",\"potentialAction\":[{\"@type\":\"ReadAction\",\"target\":[\"https:\/\/www.la-morada.es\/fr\/espaces-equipement-audiovisuel-madrid\/\"]}]},{\"@type\":\"BreadcrumbList\",\"@id\":\"https:\/\/www.la-morada.es\/fr\/espaces-equipement-audiovisuel-madrid\/#breadcrumb\",\"itemListElement\":[{\"@type\":\"ListItem\",\"position\":1,\"name\":\"Accueil\",\"item\":\"https:\/\/www.la-morada.es\/fr\/\"},{\"@type\":\"ListItem\",\"position\":2,\"name\":\"Espaces\"}]},{\"@type\":\"WebSite\",\"@id\":\"https:\/\/www.la-morada.es\/fr\/#website\",\"url\":\"https:\/\/www.la-morada.es\/fr\/\",\"name\":\"La Morada\",\"description\":\"Otro sitio realizado con WordPress\",\"potentialAction\":[{\"@type\":\"SearchAction\",\"target\":{\"@type\":\"EntryPoint\",\"urlTemplate\":\"https:\/\/www.la-morada.es\/fr\/?s={search_term_string}\"},\"query-input\":\"required name=search_term_string\"}],\"inLanguage\":\"fr-FR\"}]}<\/script>\n<!-- \/ Yoast SEO plugin. -->","yoast_head_json":{"title":"Espaces - La Morada","robots":{"index":"index","follow":"follow","max-snippet":"max-snippet:-1","max-image-preview":"max-image-preview:large","max-video-preview":"max-video-preview:-1"},"canonical":"https:\/\/www.la-morada.es\/fr\/espaces-equipement-audiovisuel-madrid\/","og_locale":"fr_FR","og_type":"article","og_title":"Espaces - La Morada","og_url":"https:\/\/www.la-morada.es\/fr\/espaces-equipement-audiovisuel-madrid\/","og_site_name":"La Morada","article_modified_time":"2020-06-25T14:16:38+00:00","og_image":[{"url":"http:\/\/www.la-morada.es\/fr\/wp-content\/uploads\/2014\/11\/sala-reina-mora-1.png"}],"twitter_card":"summary","twitter_misc":{"Dur\u00e9e de lecture estim\u00e9e":"8 minutes"},"schema":{"@context":"https:\/\/schema.org","@graph":[{"@type":"WebPage","@id":"https:\/\/www.la-morada.es\/fr\/espaces-equipement-audiovisuel-madrid\/","url":"https:\/\/www.la-morada.es\/fr\/espaces-equipement-audiovisuel-madrid\/","name":"Espaces - La Morada","isPartOf":{"@id":"https:\/\/www.la-morada.es\/fr\/#website"},"datePublished":"2016-02-11T09:10:56+00:00","dateModified":"2020-06-25T14:16:38+00:00","breadcrumb":{"@id":"https:\/\/www.la-morada.es\/fr\/espaces-equipement-audiovisuel-madrid\/#breadcrumb"},"inLanguage":"fr-FR","potentialAction":[{"@type":"ReadAction","target":["https:\/\/www.la-morada.es\/fr\/espaces-equipement-audiovisuel-madrid\/"]}]},{"@type":"BreadcrumbList","@id":"https:\/\/www.la-morada.es\/fr\/espaces-equipement-audiovisuel-madrid\/#breadcrumb","itemListElement":[{"@type":"ListItem","position":1,"name":"Accueil","item":"https:\/\/www.la-morada.es\/fr\/"},{"@type":"ListItem","position":2,"name":"Espaces"}]},{"@type":"WebSite","@id":"https:\/\/www.la-morada.es\/fr\/#website","url":"https:\/\/www.la-morada.es\/fr\/","name":"La Morada","description":"Otro sitio realizado con WordPress","potentialAction":[{"@type":"SearchAction","target":{"@type":"EntryPoint","urlTemplate":"https:\/\/www.la-morada.es\/fr\/?s={search_term_string}"},"query-input":"required name=search_term_string"}],"inLanguage":"fr-FR"}]}},"_links":{"self":[{"href":"https:\/\/www.la-morada.es\/fr\/wp-json\/wp\/v2\/pages\/11878"}],"collection":[{"href":"https:\/\/www.la-morada.es\/fr\/wp-json\/wp\/v2\/pages"}],"about":[{"href":"https:\/\/www.la-morada.es\/fr\/wp-json\/wp\/v2\/types\/page"}],"author":[{"embeddable":true,"href":"https:\/\/www.la-morada.es\/fr\/wp-json\/wp\/v2\/users\/2"}],"replies":[{"embeddable":true,"href":"https:\/\/www.la-morada.es\/fr\/wp-json\/wp\/v2\/comments?post=11878"}],"version-history":[{"count":45,"href":"https:\/\/www.la-morada.es\/fr\/wp-json\/wp\/v2\/pages\/11878\/revisions"}],"predecessor-version":[{"id":13248,"href":"https:\/\/www.la-morada.es\/fr\/wp-json\/wp\/v2\/pages\/11878\/revisions\/13248"}],"wp:attachment":[{"href":"https:\/\/www.la-morada.es\/fr\/wp-json\/wp\/v2\/media?parent=11878"}],"curies":[{"name":"wp","href":"https:\/\/api.w.org\/{rel}","templated":true}]}}